{"id":721,"date":"2023-10-04T16:54:36","date_gmt":"2023-10-04T13:54:36","guid":{"rendered":"https:\/\/bumerstone.com\/?page_id=721"},"modified":"2023-10-13T01:56:24","modified_gmt":"2023-10-12T22:56:24","slug":"about-us","status":"publish","type":"page","link":"https:\/\/bumerstone.com\/en\/about-us\/","title":{"rendered":"About Us"},"content":{"rendered":"<section class=\"l-section wpb_row height_large\"><div class=\"l-section-overlay\" style=\"background:#F4F4F4\"><\/div><div class=\"l-section-h i-cf\"><div class=\"g-cols vc_row via_grid cols_3-2 laptops-cols_inherit tablets-cols_inherit mobiles-cols_1 valign_top type_default stacking_default\"><div class=\"wpb_column vc_column_container\"><div class=\"vc_column-inner\"><h2 class=\"w-text us_custom_d53b5e4d has_text_color\"><span class=\"w-text-h\"><span class=\"w-text-value\">Bumer Stone&#8217;s signature is under every stone.<\/span><\/span><\/h2><div class=\"wpb_text_column\"><div class=\"wpb_wrapper\"><p><strong>Bumer Stone<\/strong> was founded in 2007 and aims to provide its customers with a unique experience by combining its rich experience in the natural stone field with the innovations of the era. We not only offer wholesale and retail sales solutions but also excel as one of the industry&#8217;s leading names through applications and creative projects. We are known for our commitment to carefully analyze our customers&#8217; needs and expectations and provide the most suitable product options.<\/p>\n<p><strong>Bumer Stone<\/strong> is passionately dedicated to developing products and services that add value to your living spaces. We offer a variety of products obtained from natural stone quarries, including granite, mosaic, basalt, andesite, slate, travertine, marble powder, and landscaping stones, tailored to our customers&#8217; preferences. As we expand our product range day by day, we assist you in creating safe and aesthetic designs for both interior and exterior decoration. With our experienced team and high-quality products, <strong>Bumer Stone<\/strong> continues its successful journey, aiming to maximize customer satisfaction.<\/p>\n<p><strong>Trust us to help you bring to life unique projects where the beauty and durability of natural stones come together!<\/strong><\/p>\n<\/div><\/div><\/div><\/div><div class=\"wpb_column vc_column_container us_custom_d543e8dc has_bg_color\" id=\"about-us-hero-img\"><div class=\"vc_column-inner\"><div class=\"w-image hide_on_default hide_on_laptops hide_on_tablets has_ratio align_center\"><div class=\"w-image-h\"><div style=\"padding-bottom:66.6667%\"><\/div><img loading=\"lazy\" decoding=\"async\" width=\"680\" height=\"510\" src=\"https:\/\/bumerstone.com\/wp-content\/uploads\/2023\/10\/bumerstone-hakkimizda-1.jpeg\" class=\"attachment-large size-large\" alt=\"\" srcset=\"https:\/\/bumerstone.com\/wp-content\/uploads\/2023\/10\/bumerstone-hakkimizda-1.jpeg 680w, https:\/\/bumerstone.com\/wp-content\/uploads\/2023\/10\/bumerstone-hakkimizda-1-300x225.jpeg 300w, https:\/\/bumerstone.com\/wp-content\/uploads\/2023\/10\/bumerstone-hakkimizda-1-600x450.jpeg 600w\" sizes=\"auto, (max-width: 680px) 100vw, 680px\" \/><\/div><\/div><\/div><\/div><\/div><\/div><\/section><section class=\"l-section wpb_row height_large\"><div class=\"l-section-h i-cf\"><div class=\"g-cols vc_row via_grid cols_1 laptops-cols_inherit tablets-cols_inherit mobiles-cols_1 valign_top type_default stacking_default\"><div class=\"wpb_column vc_column_container\"><div class=\"vc_column-inner\"><h2 class=\"w-text us_custom_eb849559\"><span class=\"w-text-h\"><span class=\"w-text-value\">Our business is all about stones.<\/span><\/span><\/h2><div class=\"w-separator size_small\"><\/div><div class=\"w-grid type_grid layout_138 grid-product-sub-cat cols_4\" id=\"us_grid_1\" style=\"--gap:1rem;\"><style>@media (max-width:1024px){#us_grid_1 .w-grid-item{width:50%}}@media (max-width:600px){#us_grid_1 .w-grid-item{width:50%}}.layout_138 .w-grid-item-h{}.layout_138 .usg_post_image_1{transition-duration:0.3s;transform-origin:50% 50%;transform:scale(1) translate(0%,0%)}.layout_138 .w-grid-item-h:hover .usg_post_image_1{transform:scale(1) translate(0%,0%);opacity:0.75}.layout_138 .usg_post_custom_field_1{color:#ffffff!important;text-align:center!important;font-size:max( 1.5rem,0.5vw )!important;width:100%!important;padding-top:1rem!important;padding-bottom:0.5rem!important;position:absolute!important;left:0!important;top:0!important;background:rgba(31,31,31,0.80)!important}<\/style><div class=\"w-grid-list\">\t<div class=\"w-grid-item type_term term-17 term-granit-dogal-tas ratio_1x1\">\r\n\t\t<div class=\"w-grid-item-h\">\r\n\t\t\t\t\t\t\t<a href=\"https:\/\/bumerstone.com\/en\/urun-kategori\/dogal-taslar\/granit-dogal-tas\/\" class=\"w-grid-item-anchor\" aria-label=\"Granit Do\u011fal Ta\u015f\"><\/a>\r\n\t\t\t\t\t\t<div class=\"w-post-elm post_image usg_post_image_1 has_ratio\"><div style=\"padding-bottom:66.6667%\"><\/div><img loading=\"lazy\" decoding=\"async\" width=\"255\" height=\"177\" src=\"https:\/\/bumerstone.com\/wp-content\/uploads\/2026\/01\/granit-dogal-tas.png\" class=\"attachment-medium size-medium\" alt=\"\" \/><\/div><h2 class=\"w-post-elm post_custom_field usg_post_custom_field_1 has_text_color type_text kisa_isim color_link_inherit\"><span class=\"w-post-elm-value\">Granit<\/span><\/h2>\t\t<\/div>\r\n\t<\/div>\r\n\t<div class=\"w-grid-item type_term term-18 term-bazalt-dogal-tas ratio_1x1\">\r\n\t\t<div class=\"w-grid-item-h\">\r\n\t\t\t\t\t\t\t<a href=\"https:\/\/bumerstone.com\/en\/urun-kategori\/dogal-taslar\/bazalt-dogal-tas\/\" class=\"w-grid-item-anchor\" aria-label=\"Bazalt Do\u011fal Ta\u015f\"><\/a>\r\n\t\t\t\t\t\t<div class=\"w-post-elm post_image usg_post_image_1 has_ratio\"><div style=\"padding-bottom:66.6667%\"><\/div><img loading=\"lazy\" decoding=\"async\" width=\"255\" height=\"177\" src=\"https:\/\/bumerstone.com\/wp-content\/uploads\/2023\/10\/Bumer-Stone-Kucuk-Resimler.png\" class=\"attachment-medium size-medium\" alt=\"\" \/><\/div><h2 class=\"w-post-elm post_custom_field usg_post_custom_field_1 has_text_color type_text kisa_isim color_link_inherit\"><span class=\"w-post-elm-value\">Bazalt<\/span><\/h2>\t\t<\/div>\r\n\t<\/div>\r\n\t<div class=\"w-grid-item type_term term-25 term-traverten-dogal-tas ratio_1x1\">\r\n\t\t<div class=\"w-grid-item-h\">\r\n\t\t\t\t\t\t\t<a href=\"https:\/\/bumerstone.com\/en\/urun-kategori\/dogal-taslar\/traverten-dogal-tas\/\" class=\"w-grid-item-anchor\" aria-label=\"Traverten Do\u011fal Ta\u015f\"><\/a>\r\n\t\t\t\t\t\t<div class=\"w-post-elm post_image usg_post_image_1 has_ratio\"><div style=\"padding-bottom:66.6667%\"><\/div><img loading=\"lazy\" decoding=\"async\" width=\"255\" height=\"177\" src=\"https:\/\/bumerstone.com\/wp-content\/uploads\/2023\/10\/traverten.png\" class=\"attachment-medium size-medium\" alt=\"\" \/><\/div><h2 class=\"w-post-elm post_custom_field usg_post_custom_field_1 has_text_color type_text kisa_isim color_link_inherit\"><span class=\"w-post-elm-value\">Traverten<\/span><\/h2>\t\t<\/div>\r\n\t<\/div>\r\n\t<div class=\"w-grid-item type_term term-24 term-andezit-dogal-tas ratio_1x1\">\r\n\t\t<div class=\"w-grid-item-h\">\r\n\t\t\t\t\t\t\t<a href=\"https:\/\/bumerstone.com\/en\/urun-kategori\/dogal-taslar\/andezit-dogal-tas\/\" class=\"w-grid-item-anchor\" aria-label=\"Andezit Do\u011fal Ta\u015f\"><\/a>\r\n\t\t\t\t\t\t<div class=\"w-post-elm post_image usg_post_image_1 has_ratio\"><div style=\"padding-bottom:66.6667%\"><\/div><img loading=\"lazy\" decoding=\"async\" width=\"255\" height=\"177\" src=\"https:\/\/bumerstone.com\/wp-content\/uploads\/2023\/10\/Andezit-One-Cikan.png\" class=\"attachment-medium size-medium\" alt=\"\" \/><\/div><h2 class=\"w-post-elm post_custom_field usg_post_custom_field_1 has_text_color type_text kisa_isim color_link_inherit\"><span class=\"w-post-elm-value\">Andezit<\/span><\/h2>\t\t<\/div>\r\n\t<\/div>\r\n\t<div class=\"w-grid-item type_term term-26 term-kayrak-tasi ratio_1x1\">\r\n\t\t<div class=\"w-grid-item-h\">\r\n\t\t\t\t\t\t\t<a href=\"https:\/\/bumerstone.com\/en\/urun-kategori\/dogal-taslar\/kayrak-tasi\/\" class=\"w-grid-item-anchor\" aria-label=\"Kayrak Ta\u015f\u0131\"><\/a>\r\n\t\t\t\t\t\t<div class=\"w-post-elm post_image usg_post_image_1 has_ratio\"><div style=\"padding-bottom:66.6667%\"><\/div><img loading=\"lazy\" decoding=\"async\" width=\"255\" height=\"177\" src=\"https:\/\/bumerstone.com\/wp-content\/uploads\/2023\/10\/Bumer-Stone-Kucuk-Resimler-1.png\" class=\"attachment-medium size-medium\" alt=\"\" \/><\/div><h2 class=\"w-post-elm post_custom_field usg_post_custom_field_1 has_text_color type_text kisa_isim color_link_inherit\"><span class=\"w-post-elm-value\">Kayrak Ta\u015f\u0131<\/span><\/h2>\t\t<\/div>\r\n\t<\/div>\r\n\t<div class=\"w-grid-item type_term term-28 term-mozaik ratio_1x1\">\r\n\t\t<div class=\"w-grid-item-h\">\r\n\t\t\t\t\t\t\t<a href=\"https:\/\/bumerstone.com\/en\/urun-kategori\/dogal-taslar\/mozaik\/\" class=\"w-grid-item-anchor\" aria-label=\"Mozaik\"><\/a>\r\n\t\t\t\t\t\t<div class=\"w-post-elm post_image usg_post_image_1 has_ratio\"><div style=\"padding-bottom:66.6667%\"><\/div><img loading=\"lazy\" decoding=\"async\" width=\"255\" height=\"177\" src=\"https:\/\/bumerstone.com\/wp-content\/uploads\/2023\/10\/Bumer-Stone-Kucuk-Resimler-3.png\" class=\"attachment-medium size-medium\" alt=\"\" \/><\/div><h2 class=\"w-post-elm post_custom_field usg_post_custom_field_1 has_text_color type_text kisa_isim color_link_inherit\"><span class=\"w-post-elm-value\">Mozaik<\/span><\/h2>\t\t<\/div>\r\n\t<\/div>\r\n\t<div class=\"w-grid-item type_term term-19 term-mermer-tozu ratio_1x1\">\r\n\t\t<div class=\"w-grid-item-h\">\r\n\t\t\t\t\t\t\t<a href=\"https:\/\/bumerstone.com\/en\/urun-kategori\/mermer-tozu\/\" class=\"w-grid-item-anchor\" aria-label=\"Mermer Tozu\"><\/a>\r\n\t\t\t\t\t\t<div class=\"w-post-elm post_image usg_post_image_1 has_ratio\"><div style=\"padding-bottom:66.6667%\"><\/div><img loading=\"lazy\" decoding=\"async\" width=\"300\" height=\"166\" src=\"https:\/\/bumerstone.com\/wp-content\/uploads\/2023\/10\/mermer-tozu-bumerstone-300x166.jpg\" class=\"attachment-medium size-medium\" alt=\"\" srcset=\"https:\/\/bumerstone.com\/wp-content\/uploads\/2023\/10\/mermer-tozu-bumerstone-300x166.jpg 300w, https:\/\/bumerstone.com\/wp-content\/uploads\/2023\/10\/mermer-tozu-bumerstone-1024x567.jpg 1024w, https:\/\/bumerstone.com\/wp-content\/uploads\/2023\/10\/mermer-tozu-bumerstone-600x332.jpg 600w, https:\/\/bumerstone.com\/wp-content\/uploads\/2023\/10\/mermer-tozu-bumerstone.jpg 1300w\" sizes=\"auto, (max-width: 300px) 100vw, 300px\" \/><\/div>\t\t<\/div>\r\n\t<\/div>\r\n\t<div class=\"w-grid-item type_term term-27 term-cakil-tasi ratio_1x1\">\r\n\t\t<div class=\"w-grid-item-h\">\r\n\t\t\t\t\t\t\t<a href=\"https:\/\/bumerstone.com\/en\/urun-kategori\/dogal-taslar\/cakil-tasi\/\" class=\"w-grid-item-anchor\" aria-label=\"\u00c7ak\u0131l Ta\u015f\u0131\"><\/a>\r\n\t\t\t\t\t\t<div class=\"w-post-elm post_image usg_post_image_1 has_ratio\"><div style=\"padding-bottom:66.6667%\"><\/div><img loading=\"lazy\" decoding=\"async\" width=\"255\" height=\"177\" src=\"https:\/\/bumerstone.com\/wp-content\/uploads\/2023\/10\/Bumer-Stone-Kucuk-Resimler-2.png\" class=\"attachment-medium size-medium\" alt=\"\" \/><\/div><h2 class=\"w-post-elm post_custom_field usg_post_custom_field_1 has_text_color type_text kisa_isim color_link_inherit\"><span class=\"w-post-elm-value\">\u00c7ak\u0131l Ta\u015f\u0131<\/span><\/h2>\t\t<\/div>\r\n\t<\/div>\r\n<\/div><div class=\"w-grid-preloader\"><div class=\"g-preloader type_1\">\r\n\t<div><\/div>\r\n<\/div>\r\n<\/div>\t<div class=\"w-grid-json hidden\" onclick='return {&quot;action&quot;:&quot;us_ajax_grid&quot;,&quot;ajax_url&quot;:&quot;https:\\\/\\\/bumerstone.com\\\/wp-admin\\\/admin-ajax.php&quot;,&quot;infinite_scroll&quot;:0,&quot;max_num_pages&quot;:0,&quot;pagination&quot;:&quot;none&quot;,&quot;permalink_url&quot;:&quot;https:\\\/\\\/bumerstone.com\\\/en\\\/wp-json\\\/wp\\\/v2\\\/pages\\\/721\\\/&quot;,&quot;template_vars&quot;:{&quot;columns&quot;:&quot;4&quot;,&quot;exclude_items&quot;:&quot;none&quot;,&quot;img_size&quot;:&quot;default&quot;,&quot;ignore_items_size&quot;:0,&quot;items_layout&quot;:&quot;138&quot;,&quot;items_offset&quot;:&quot;1&quot;,&quot;load_animation&quot;:&quot;none&quot;,&quot;overriding_link&quot;:&quot;%7B%22type%22%3A%22post%22%7D&quot;,&quot;post_id&quot;:0,&quot;query_args&quot;:false,&quot;orderby_query_args&quot;:{&quot;orderby&quot;:{&quot;date&quot;:&quot;DESC&quot;}},&quot;type&quot;:&quot;grid&quot;,&quot;us_grid_ajax_index&quot;:1,&quot;us_grid_filter_params&quot;:null,&quot;us_grid_index&quot;:1,&quot;_us_grid_post_type&quot;:&quot;ids_terms&quot;,&quot;page_args&quot;:[],&quot;lang&quot;:&quot;en&quot;}}'><\/div>\r\n\t<\/div><\/div><\/div><\/div><\/div><\/section><section class=\"l-section wpb_row height_medium color_footer-top with_img\"><div class=\"l-section-img\" role=\"img\" data-img-width=\"1205\" data-img-height=\"410\" style=\"background-image: url(https:\/\/bumerstone.com\/wp-content\/uploads\/2023\/10\/about-us-cta-1.jpg);background-repeat: no-repeat;\"><\/div><div class=\"l-section-overlay\" style=\"background:rgba(0,0,0,0.70)\"><\/div><div class=\"l-section-h i-cf\"><div class=\"g-cols vc_row via_grid cols_1 laptops-cols_inherit tablets-cols_inherit mobiles-cols_1 valign_top type_default stacking_default\"><div class=\"wpb_column vc_column_container\"><div class=\"vc_column-inner\"><h2 class=\"w-text us_custom_bf2908e0\"><span class=\"w-text-h\"><span class=\"w-text-value\">Click here to see our variety of natural stone products.<\/span><\/span><\/h2><div class=\"w-separator size_small\"><\/div><div class=\"w-btn-wrapper align_center\"><a class=\"w-btn us-btn-style_1\" href=\"\/en\/our-products\/\"><span class=\"w-btn-label\">See All Products<\/span><\/a><\/div><\/div><\/div><\/div><\/div><\/section><section class=\"l-section wpb_row height_large\"><div class=\"l-section-h i-cf\"><div class=\"g-cols vc_row via_grid cols_1 laptops-cols_inherit tablets-cols_inherit mobiles-cols_1 valign_top type_default stacking_default\"><div class=\"wpb_column vc_column_container\"><div class=\"vc_column-inner\"><h2 class=\"w-text us_custom_b48a3196\"><span class=\"w-text-h\"><span class=\"w-text-value\">Brands that trust in our quality<\/span><\/span><\/h2><div class=\"w-separator size_small\"><\/div><div class=\"w-grid type_grid layout_248 brands-grid cols_6 valign_center ratio_custom\" id=\"us_grid_2\" style=\"--gap:1rem;\" data-filterable=\"true\"><style>@media (max-width:600px){#us_grid_2 .w-grid-item{width:25%}#us_grid_2 .w-grid-item.size_2x1,#us_grid_2 .w-grid-item.size_2x2{width:50%}}.layout_248 .w-grid-item-h:before{padding-bottom:42.8571%}@media (min-width:601px){.layout_248 .w-grid-item.size_1x2 .w-grid-item-h:before{padding-bottom:calc(85.7143% + var(--gap,0px) * 2)}.layout_248 .w-grid-item.size_2x1 .w-grid-item-h:before{padding-bottom:calc(21.4286% - var(--gap,0px) * 0.4286)}.layout_248 .w-grid-item.size_2x2 .w-grid-item-h:before{padding-bottom:calc(42.8571% - var(--gap,0px) * -1.1428)}}.layout_248 .w-grid-item-h{}.layout_248 .usg_post_image_1{width:100%!important;height:100%!important;position:absolute!important}<\/style><div class=\"w-grid-list\">\t<article class=\"w-grid-item size_1x1 post-813 attachment type-attachment status-inherit hentry\" data-id=\"813\">\r\n\t\t<div class=\"w-grid-item-h\">\r\n\t\t\t\t\t\t<div class=\"w-post-elm post_image usg_post_image_1 has_width has_height stretched\"><img loading=\"lazy\" decoding=\"async\" width=\"290\" height=\"100\" src=\"https:\/\/bumerstone.com\/wp-content\/uploads\/2023\/10\/markalar-bumerstone-celebi.jpg\" class=\"attachment-medium size-medium\" alt=\"\" \/><\/div>\t\t<\/div>\r\n\t<\/article>\r\n\t<article class=\"w-grid-item size_1x1 post-816 attachment type-attachment status-inherit hentry\" data-id=\"816\">\r\n\t\t<div class=\"w-grid-item-h\">\r\n\t\t\t\t\t\t<div class=\"w-post-elm post_image usg_post_image_1 has_width has_height stretched\"><img loading=\"lazy\" decoding=\"async\" width=\"290\" height=\"100\" src=\"https:\/\/bumerstone.com\/wp-content\/uploads\/2023\/10\/markalar-bumerstone-ramada.jpg\" class=\"attachment-medium size-medium\" alt=\"\" \/><\/div>\t\t<\/div>\r\n\t<\/article>\r\n\t<article class=\"w-grid-item size_1x1 post-817 attachment type-attachment status-inherit hentry\" data-id=\"817\">\r\n\t\t<div class=\"w-grid-item-h\">\r\n\t\t\t\t\t\t<div class=\"w-post-elm post_image usg_post_image_1 has_width has_height stretched\"><img loading=\"lazy\" decoding=\"async\" width=\"290\" height=\"100\" src=\"https:\/\/bumerstone.com\/wp-content\/uploads\/2023\/10\/markalar-bumerstone-workinn-hotel.jpg\" class=\"attachment-medium size-medium\" alt=\"\" \/><\/div>\t\t<\/div>\r\n\t<\/article>\r\n\t<article class=\"w-grid-item size_1x1 post-814 attachment type-attachment status-inherit hentry\" data-id=\"814\">\r\n\t\t<div class=\"w-grid-item-h\">\r\n\t\t\t\t\t\t<div class=\"w-post-elm post_image usg_post_image_1 has_width has_height stretched\"><img loading=\"lazy\" decoding=\"async\" width=\"290\" height=\"100\" src=\"https:\/\/bumerstone.com\/wp-content\/uploads\/2023\/10\/markalar-bumerstone-gul-insaat.jpg\" class=\"attachment-medium size-medium\" alt=\"\" \/><\/div>\t\t<\/div>\r\n\t<\/article>\r\n\t<article class=\"w-grid-item size_1x1 post-815 attachment type-attachment status-inherit hentry\" data-id=\"815\">\r\n\t\t<div class=\"w-grid-item-h\">\r\n\t\t\t\t\t\t<div class=\"w-post-elm post_image usg_post_image_1 has_width has_height stretched\"><img loading=\"lazy\" decoding=\"async\" width=\"290\" height=\"100\" src=\"https:\/\/bumerstone.com\/wp-content\/uploads\/2023\/10\/markalar-bumerstone-holiday-inn.jpg\" class=\"attachment-medium size-medium\" alt=\"\" \/><\/div>\t\t<\/div>\r\n\t<\/article>\r\n\t<article class=\"w-grid-item size_1x1 post-818 attachment type-attachment status-inherit hentry\" data-id=\"818\">\r\n\t\t<div class=\"w-grid-item-h\">\r\n\t\t\t\t\t\t<div class=\"w-post-elm post_image usg_post_image_1 has_width has_height stretched\"><img loading=\"lazy\" decoding=\"async\" width=\"290\" height=\"100\" src=\"https:\/\/bumerstone.com\/wp-content\/uploads\/2023\/10\/markalar-hakkimizda-yayla-grup.jpg\" class=\"attachment-medium size-medium\" alt=\"\" \/><\/div>\t\t<\/div>\r\n\t<\/article>\r\n\t<article class=\"w-grid-item size_1x1 post-819 attachment type-attachment status-inherit hentry\" data-id=\"819\">\r\n\t\t<div class=\"w-grid-item-h\">\r\n\t\t\t\t\t\t<div class=\"w-post-elm post_image usg_post_image_1 has_width has_height stretched\"><img loading=\"lazy\" decoding=\"async\" width=\"290\" height=\"100\" src=\"https:\/\/bumerstone.com\/wp-content\/uploads\/2023\/10\/6.jpg\" class=\"attachment-medium size-medium\" alt=\"\" \/><\/div>\t\t<\/div>\r\n\t<\/article>\r\n\t<article class=\"w-grid-item size_1x1 post-820 attachment type-attachment status-inherit hentry\" data-id=\"820\">\r\n\t\t<div class=\"w-grid-item-h\">\r\n\t\t\t\t\t\t<div class=\"w-post-elm post_image usg_post_image_1 has_width has_height stretched\"><img loading=\"lazy\" decoding=\"async\" width=\"290\" height=\"100\" src=\"https:\/\/bumerstone.com\/wp-content\/uploads\/2023\/10\/5.jpg\" class=\"attachment-medium size-medium\" alt=\"\" \/><\/div>\t\t<\/div>\r\n\t<\/article>\r\n\t<article class=\"w-grid-item size_1x1 post-821 attachment type-attachment status-inherit hentry\" data-id=\"821\">\r\n\t\t<div class=\"w-grid-item-h\">\r\n\t\t\t\t\t\t<div class=\"w-post-elm post_image usg_post_image_1 has_width has_height stretched\"><img loading=\"lazy\" decoding=\"async\" width=\"290\" height=\"100\" src=\"https:\/\/bumerstone.com\/wp-content\/uploads\/2023\/10\/4.jpg\" class=\"attachment-medium size-medium\" alt=\"\" \/><\/div>\t\t<\/div>\r\n\t<\/article>\r\n\t<article class=\"w-grid-item size_1x1 post-822 attachment type-attachment status-inherit hentry\" data-id=\"822\">\r\n\t\t<div class=\"w-grid-item-h\">\r\n\t\t\t\t\t\t<div class=\"w-post-elm post_image usg_post_image_1 has_width has_height stretched\"><img loading=\"lazy\" decoding=\"async\" width=\"290\" height=\"100\" src=\"https:\/\/bumerstone.com\/wp-content\/uploads\/2023\/10\/3.jpg\" class=\"attachment-medium size-medium\" alt=\"\" \/><\/div>\t\t<\/div>\r\n\t<\/article>\r\n\t<article class=\"w-grid-item size_1x1 post-823 attachment type-attachment status-inherit hentry\" data-id=\"823\">\r\n\t\t<div class=\"w-grid-item-h\">\r\n\t\t\t\t\t\t<div class=\"w-post-elm post_image usg_post_image_1 has_width has_height stretched\"><img loading=\"lazy\" decoding=\"async\" width=\"290\" height=\"100\" src=\"https:\/\/bumerstone.com\/wp-content\/uploads\/2023\/10\/2.jpg\" class=\"attachment-medium size-medium\" alt=\"\" \/><\/div>\t\t<\/div>\r\n\t<\/article>\r\n\t<article class=\"w-grid-item size_1x1 post-824 attachment type-attachment status-inherit hentry\" data-id=\"824\">\r\n\t\t<div class=\"w-grid-item-h\">\r\n\t\t\t\t\t\t<div class=\"w-post-elm post_image usg_post_image_1 has_width has_height stretched\"><img loading=\"lazy\" decoding=\"async\" width=\"290\" height=\"100\" src=\"https:\/\/bumerstone.com\/wp-content\/uploads\/2023\/10\/1.jpg\" class=\"attachment-medium size-medium\" alt=\"\" \/><\/div>\t\t<\/div>\r\n\t<\/article>\r\n<\/div><div class=\"w-grid-preloader\"><div class=\"g-preloader type_1\">\r\n\t<div><\/div>\r\n<\/div>\r\n<\/div>\t<div class=\"w-grid-json hidden\" onclick='return {&quot;action&quot;:&quot;us_ajax_grid&quot;,&quot;ajax_url&quot;:&quot;https:\\\/\\\/bumerstone.com\\\/wp-admin\\\/admin-ajax.php&quot;,&quot;infinite_scroll&quot;:0,&quot;max_num_pages&quot;:1,&quot;pagination&quot;:&quot;none&quot;,&quot;permalink_url&quot;:&quot;https:\\\/\\\/bumerstone.com\\\/en\\\/wp-json\\\/wp\\\/v2\\\/pages\\\/721\\\/&quot;,&quot;template_vars&quot;:{&quot;columns&quot;:&quot;6&quot;,&quot;exclude_items&quot;:&quot;none&quot;,&quot;img_size&quot;:&quot;default&quot;,&quot;ignore_items_size&quot;:0,&quot;items_layout&quot;:&quot;248&quot;,&quot;items_offset&quot;:&quot;1&quot;,&quot;load_animation&quot;:&quot;none&quot;,&quot;overriding_link&quot;:&quot;%7B%22url%22%3A%22%22%7D&quot;,&quot;post_id&quot;:0,&quot;query_args&quot;:{&quot;post_type&quot;:[&quot;attachment&quot;],&quot;post__in&quot;:[&quot;311&quot;,&quot;314&quot;,&quot;315&quot;,&quot;312&quot;,&quot;313&quot;,&quot;316&quot;,&quot;359&quot;,&quot;360&quot;,&quot;361&quot;,&quot;362&quot;,&quot;363&quot;,&quot;364&quot;],&quot;post_status&quot;:&quot;inherit&quot;,&quot;post_mime_type&quot;:&quot;image&quot;,&quot;posts_per_page&quot;:&quot;12&quot;},&quot;orderby_query_args&quot;:{&quot;orderby&quot;:{&quot;post__in&quot;:&quot;ASC&quot;},&quot;order&quot;:&quot;ASC&quot;},&quot;type&quot;:&quot;grid&quot;,&quot;us_grid_ajax_index&quot;:2,&quot;us_grid_filter_params&quot;:null,&quot;us_grid_index&quot;:2,&quot;_us_grid_post_type&quot;:&quot;attachment&quot;,&quot;page_args&quot;:[],&quot;lang&quot;:&quot;en&quot;}}'><\/div>\r\n\t<\/div><\/div><\/div><\/div><\/div><\/section>\n","protected":false},"excerpt":{"rendered":"","protected":false},"author":1,"featured_media":0,"parent":0,"menu_order":0,"comment_status":"closed","ping_status":"closed","template":"","meta":{"footnotes":""},"class_list":["post-721","page","type-page","status-publish","hentry"],"acf":[],"_links":{"self":[{"href":"https:\/\/bumerstone.com\/en\/wp-json\/wp\/v2\/pages\/721","targetHints":{"allow":["GET"]}}],"collection":[{"href":"https:\/\/bumerstone.com\/en\/wp-json\/wp\/v2\/pages"}],"about":[{"href":"https:\/\/bumerstone.com\/en\/wp-json\/wp\/v2\/types\/page"}],"author":[{"embeddable":true,"href":"https:\/\/bumerstone.com\/en\/wp-json\/wp\/v2\/users\/1"}],"replies":[{"embeddable":true,"href":"https:\/\/bumerstone.com\/en\/wp-json\/wp\/v2\/comments?post=721"}],"version-history":[{"count":0,"href":"https:\/\/bumerstone.com\/en\/wp-json\/wp\/v2\/pages\/721\/revisions"}],"wp:attachment":[{"href":"https:\/\/bumerstone.com\/en\/wp-json\/wp\/v2\/media?parent=721"}],"curies":[{"name":"wp","href":"https:\/\/api.w.org\/{rel}","templated":true}]}}