{"id":726,"date":"2023-10-04T16:56:36","date_gmt":"2023-10-04T13:56:36","guid":{"rendered":"https:\/\/bumerstone.com\/?page_id=726"},"modified":"2023-10-12T00:17:46","modified_gmt":"2023-10-11T21:17:46","slug":"contact","status":"publish","type":"page","link":"https:\/\/bumerstone.com\/en\/contact\/","title":{"rendered":"Contact"},"content":{"rendered":"<section class=\"l-section wpb_row height_large\"><div class=\"l-section-h i-cf\"><div class=\"g-cols vc_row via_grid cols_2 laptops-cols_inherit tablets-cols_inherit mobiles-cols_1 valign_top type_default stacking_default\"><div class=\"wpb_column vc_column_container\"><div class=\"vc_column-inner\"><h2 class=\"w-text\"><span class=\"w-text-h\"><span class=\"w-text-value\">Head Office \/ Showroom<\/span><\/span><\/h2><div class=\"w-separator size_small\"><\/div><div class=\"w-vwrapper align_none valign_top\" style=\"--vwrapper-gap:2rem\"><div class=\"w-iconbox us_custom_f740a52f has_text_color iconpos_left style_default color_primary align_left no_text\"><a target=\"_blank\" href=\"https:\/\/goo.gl\/maps\/1XPGigsHUmuTJ6xy7\" class=\"w-iconbox-link\" aria-label=\"Alemda\u011f, Saray Cd. no:50,\n34794 \u00c7ekmek\u00f6y\/\u0130stanbul\" rel=\"noopener\"><div class=\"w-iconbox-icon\" style=\"font-size:max( 1.7rem, 0.5vw );\"><i class=\"fal fa-map-marker-alt\"><\/i><\/div><\/a><div class=\"w-iconbox-meta\"><a target=\"_blank\" href=\"https:\/\/goo.gl\/maps\/1XPGigsHUmuTJ6xy7\" class=\"w-iconbox-link\" aria-label=\"Alemda\u011f, Saray Cd. no:50,\n34794 \u00c7ekmek\u00f6y\/\u0130stanbul\" rel=\"noopener\"><p class=\"w-iconbox-title\" style=\"font-size:max( 1rem, 0.5vw );\">Alemda\u011f, Saray Cd. no:50,<br \/>\n34794 \u00c7ekmek\u00f6y\/\u0130stanbul<\/p><\/a><\/div><\/div><div class=\"w-iconbox us_custom_f740a52f has_text_color iconpos_left style_default color_primary align_left no_text\"><a target=\"_blank\" href=\"tel:+905301515982\" class=\"w-iconbox-link\" aria-label=\"(0530) 151 59 82\"><div class=\"w-iconbox-icon\" style=\"font-size:max( 1.7rem, 0.5vw );\"><i class=\"fal fa-mobile-android-alt\"><\/i><\/div><\/a><div class=\"w-iconbox-meta\"><a target=\"_blank\" href=\"tel:+905301515982\" class=\"w-iconbox-link\" aria-label=\"(0530) 151 59 82\"><p class=\"w-iconbox-title\" style=\"font-size:max( 1rem, 0.5vw );\">(0530) 151 59 82<\/p><\/a><\/div><\/div><div class=\"w-iconbox us_custom_f740a52f has_text_color iconpos_left style_default color_primary align_left no_text\"><a target=\"_blank\" href=\"tel:+902165616754\" class=\"w-iconbox-link\" aria-label=\"(0216) 561 67 54\"><div class=\"w-iconbox-icon\" style=\"font-size:max( 1.7rem, 0.5vw );\"><i class=\"fal fa-phone-alt\"><\/i><\/div><\/a><div class=\"w-iconbox-meta\"><a target=\"_blank\" href=\"tel:+902165616754\" class=\"w-iconbox-link\" aria-label=\"(0216) 561 67 54\"><p class=\"w-iconbox-title\" style=\"font-size:max( 1rem, 0.5vw );\">(0216) 561 67 54<\/p><\/a><\/div><\/div><div class=\"w-iconbox us_custom_f740a52f has_text_color iconpos_left style_default color_primary align_left no_text\"><a target=\"_blank\" href=\"mailto:bumerstone@gmail.com\" class=\"w-iconbox-link\" aria-label=\"bumerstone@gmail.com\"><div class=\"w-iconbox-icon\" style=\"font-size:max( 1.7rem, 0.5vw );\"><i class=\"fal fa-envelope\"><\/i><\/div><\/a><div class=\"w-iconbox-meta\"><a target=\"_blank\" href=\"mailto:bumerstone@gmail.com\" class=\"w-iconbox-link\" aria-label=\"bumerstone@gmail.com\"><p class=\"w-iconbox-title\" style=\"font-size:max( 1rem, 0.5vw );\">bumerstone@gmail.com<\/p><\/a><\/div><\/div><\/div><\/div><\/div><div class=\"wpb_column vc_column_container\"><div class=\"vc_column-inner\"><div class=\"w-html\"><iframe src=\"https:\/\/www.google.com\/maps\/embed?pb=!1m14!1m8!1m3!1d12036.31579125028!2d29.2385979!3d41.0454026!3m2!1i1024!2i768!4f13.1!3m3!1m2!1s0x14cad335e075df2f%3A0xf6a6aad6325843b!2sbumerstone!5e0!3m2!1sen!2str!4v1696461870165!5m2!1sen!2str\" width=\"600\" height=\"300\" style=\"border:0;\" allowfullscreen=\"\" loading=\"lazy\" referrerpolicy=\"no-referrer-when-downgrade\"><\/iframe><\/div><\/div><\/div><\/div><\/div><\/section>\n","protected":false},"excerpt":{"rendered":"Head Office \/ ShowroomAlemda\u011f, Saray Cd. no:50, 34794 \u00c7ekmek\u00f6y\/\u0130stanbul(0530) 151 59 82(0216) 561 67 54bumerstone@gmail.com","protected":false},"author":1,"featured_media":0,"parent":0,"menu_order":0,"comment_status":"closed","ping_status":"closed","template":"","meta":{"footnotes":""},"class_list":["post-726","page","type-page","status-publish","hentry"],"acf":[],"_links":{"self":[{"href":"https:\/\/bumerstone.com\/en\/wp-json\/wp\/v2\/pages\/726","targetHints":{"allow":["GET"]}}],"collection":[{"href":"https:\/\/bumerstone.com\/en\/wp-json\/wp\/v2\/pages"}],"about":[{"href":"https:\/\/bumerstone.com\/en\/wp-json\/wp\/v2\/types\/page"}],"author":[{"embeddable":true,"href":"https:\/\/bumerstone.com\/en\/wp-json\/wp\/v2\/users\/1"}],"replies":[{"embeddable":true,"href":"https:\/\/bumerstone.com\/en\/wp-json\/wp\/v2\/comments?post=726"}],"version-history":[{"count":0,"href":"https:\/\/bumerstone.com\/en\/wp-json\/wp\/v2\/pages\/726\/revisions"}],"wp:attachment":[{"href":"https:\/\/bumerstone.com\/en\/wp-json\/wp\/v2\/media?parent=726"}],"curies":[{"name":"wp","href":"https:\/\/api.w.org\/{rel}","templated":true}]}}