{"id":1133,"date":"2023-10-09T09:44:58","date_gmt":"2023-10-09T06:44:58","guid":{"rendered":"https:\/\/bumerstone.com\/urun\/bazalt-plak-tas\/"},"modified":"2023-10-12T10:46:19","modified_gmt":"2023-10-12T07:46:19","slug":"basalt-slab-stone","status":"publish","type":"product","link":"https:\/\/bumerstone.com\/en\/product\/basalt-slab-stone\/","title":{"rendered":"Basalt Slab Stone"},"content":{"rendered":"<h3>It is a type of basalt natural stone that is resistant to climate conditions and continuously preserves its colors.<\/h3>\n<p> It is generally dark in color and comes in various colors and sizes.<\/p>\n<p>Being a natural pavement stone, basalt stone roads are more economical than asphalt, and they are easy to repair and maintain. Installing natural slab stones not only has economic advantages but also ecological ones. It allows for infrastructure work such as water, telephone, electricity, and sewerage to be easily conducted without material waste. Repairing a damaged surface with the same material is also possible.<\/p>\n<p>Thanks to the resistance of basalt slab stones to freezing, the occurrence of frost in winter is prevented, and this also helps prevent traffic accidents related to freezing. Furthermore, it does not require salting, making it cost-effective compared to asphalt. Basalt slab stone is a decorative stone used on its own or together with cobblestones in various applications like ground, roads, sidewalks, garage interiors, parks, and gardens.<\/p>\n","protected":false},"excerpt":{"rendered":"<h3>\u0130klim ko\u015fullar\u0131na dayan\u0131kl\u0131 olup, renklerini s\u00fcrekli koruyan bir bazalt do\u011fal ta\u015f t\u00fcr\u00fcd\u00fcr.<\/h3>\n<p>Genellikle koyu renkli olmas\u0131n\u0131n yan\u0131 s\u0131ra \u00e7e\u015fitli renk ve ebatlar\u0131yla da kar\u015f\u0131m\u0131za \u00e7\u0131kmaktad\u0131r.<\/p>\n<p>Do\u011fal parke ta\u015f\u0131 olan bazalt ta\u015fl\u0131 yollar, asfalta g\u00f6re ekonomik olmakla birlikte onar\u0131m\u0131 ve bak\u0131m\u0131 kolayd\u0131r. Do\u011fal plak ta\u015flar\u0131n\u0131n d\u00f6\u015fenmesi, ta\u015f\u0131nmas\u0131 ya da kald\u0131r\u0131lmas\u0131 ekonomik oldu\u011fu kadar ekolojik olarak da avantaj sa\u011flamaktad\u0131r. Su, telefon, elektrik, kanalizasyon vs. gibi altyap\u0131 \u00e7al\u0131\u015fmalar\u0131n\u0131n malzeme kayb\u0131 olmadan kolayl\u0131kla yap\u0131lmas\u0131na olanak sa\u011flamaktad\u0131r. Bozulan y\u00fczeyin ayn\u0131 malzeme ile onar\u0131lmas\u0131 m\u00fcmk\u00fcnd\u00fcr.<\/p>\n<p>Bazalt plak ta\u015flar\u0131n\u0131n buzlanmaya kar\u015f\u0131 dayan\u0131kl\u0131l\u0131\u011f\u0131 sayesinde k\u0131\u015f aylar\u0131nda ya\u015fanan don olaylar\u0131 g\u00f6r\u00fclmedi\u011fi gibi don olaylar\u0131na ba\u011fl\u0131 trafik kazalar\u0131n\u0131n da \u00f6n\u00fcne ge\u00e7ilmektedir. Bunun yan\u0131 s\u0131ra tuzlama gerektirmedi\u011finden asfalt\u0131n aksine masrafs\u0131zd\u0131r. Bazalt plak ta\u015f\u0131; zemin uygulamalar\u0131nda, yol, kald\u0131r\u0131m, garaj i\u00e7i, park ve bah\u00e7e i\u00e7i uygulamalar\u0131nda tek ba\u015f\u0131na ya da k\u00fcp ta\u015flarla birlikte kullan\u0131lan dekoratif bir ta\u015ft\u0131r.<\/p>\n","protected":false},"featured_media":970,"comment_status":"open","ping_status":"closed","template":"","meta":[],"product_cat":[76],"product_tag":[],"class_list":["post-1133","product","type-product","status-publish","has-post-thumbnail","hentry","product_cat-basalt-natural-stone"],"acf":[],"_links":{"self":[{"href":"https:\/\/bumerstone.com\/en\/wp-json\/wp\/v2\/product\/1133","targetHints":{"allow":["GET"]}}],"collection":[{"href":"https:\/\/bumerstone.com\/en\/wp-json\/wp\/v2\/product"}],"about":[{"href":"https:\/\/bumerstone.com\/en\/wp-json\/wp\/v2\/types\/product"}],"replies":[{"embeddable":true,"href":"https:\/\/bumerstone.com\/en\/wp-json\/wp\/v2\/comments?post=1133"}],"wp:featuredmedia":[{"embeddable":true,"href":"https:\/\/bumerstone.com\/en\/wp-json\/wp\/v2\/media\/970"}],"wp:attachment":[{"href":"https:\/\/bumerstone.com\/en\/wp-json\/wp\/v2\/media?parent=1133"}],"wp:term":[{"taxonomy":"product_cat","embeddable":true,"href":"https:\/\/bumerstone.com\/en\/wp-json\/wp\/v2\/product_cat?post=1133"},{"taxonomy":"product_tag","embeddable":true,"href":"https:\/\/bumerstone.com\/en\/wp-json\/wp\/v2\/product_tag?post=1133"}],"curies":[{"name":"wp","href":"https:\/\/api.w.org\/{rel}","templated":true}]}}